{"id":29,"date":"2017-07-25T09:31:26","date_gmt":"2017-07-25T09:31:26","guid":{"rendered":"http:\/\/demo2.steelthemes.com\/cargohub\/?page_id=29"},"modified":"2024-05-27T08:24:50","modified_gmt":"2024-05-27T08:24:50","slug":"request-a-quote","status":"publish","type":"page","link":"http:\/\/multimodal.com.tr\/index.php\/en\/request-a-quote\/","title":{"rendered":"REQUEST A QUOTE"},"content":{"rendered":"<div class=\"wpb-content-wrapper\"><p>[vc_row css=\u201d.vc_custom_1500693031025{margin-top: 70px !important;margin-bottom: 50px !important;}\u201d][vc_column]<div class=\"fh-section-title clearfix  text-left version-dark\"><h2 style=\"font-size: 36px\">Request a Quote<\/h2><\/div>[vc_empty_space height=\u201d35px\u201d][vc_empty_space height=\u201d18px\u201d]<style id=\"wpforms-css-vars-2294\">\n\t\t\t\t#wpforms-2294 {\n\t\t\t\t\n\t\t\t}\n\t\t\t<\/style><div class=\"wpforms-container wpforms-container-full wpforms-render-modern\" id=\"wpforms-2294\"><form id=\"wpforms-form-2294\" class=\"wpforms-validate wpforms-form wpforms-ajax-form\" data-formid=\"2294\" method=\"post\" enctype=\"multipart\/form-data\" action=\"\/index.php\/wp-json\/wp\/v2\/pages\/29\" data-token=\"a0ffe1016a28029050f1e237eecd3484\" data-token-time=\"1777884564\"><noscript class=\"wpforms-error-noscript\">Bu formu bitirebilmek i\u00e7in taray\u0131c\u0131n\u0131zda JavaScript&#039;i etkinle\u015ftirin.<\/noscript><div id=\"wpforms-error-noscript\" style=\"display: none;\">Bu formu bitirebilmek i\u00e7in taray\u0131c\u0131n\u0131zda JavaScript&#039;i etkinle\u015ftirin.<\/div><div class=\"wpforms-field-container\"><div id=\"wpforms-2294-field_4-container\" class=\"wpforms-field wpforms-field-name\" data-field-id=\"4\"><label class=\"wpforms-field-label\" for=\"wpforms-2294-field_4\">First and Last Name <span class=\"wpforms-required-label\" aria-hidden=\"true\">*<\/span><\/label><input type=\"text\" id=\"wpforms-2294-field_4\" class=\"wpforms-field-medium wpforms-field-required\" name=\"wpforms[fields][4]\" aria-errormessage=\"wpforms-2294-field_4-error\" required><\/div><div id=\"wpforms-2294-field_1-container\" class=\"wpforms-field wpforms-field-text\" data-field-id=\"1\"><label class=\"wpforms-field-label\" for=\"wpforms-2294-field_1\">Firm<\/label><input type=\"text\" id=\"wpforms-2294-field_1\" class=\"wpforms-field-medium\" name=\"wpforms[fields][1]\" aria-errormessage=\"wpforms-2294-field_1-error\" ><\/div><div id=\"wpforms-2294-field_9-container\" class=\"wpforms-field wpforms-field-text\" data-field-id=\"9\"><label class=\"wpforms-field-label\" for=\"wpforms-2294-field_9\">Telephone<\/label><input type=\"text\" id=\"wpforms-2294-field_9\" class=\"wpforms-field-medium\" name=\"wpforms[fields][9]\" aria-errormessage=\"wpforms-2294-field_9-error\" ><\/div><div id=\"wpforms-2294-field_5-container\" class=\"wpforms-field wpforms-field-email\" data-field-id=\"5\"><label class=\"wpforms-field-label\" for=\"wpforms-2294-field_5\">Email <span class=\"wpforms-required-label\" aria-hidden=\"true\">*<\/span><\/label><input type=\"email\" id=\"wpforms-2294-field_5\" class=\"wpforms-field-medium wpforms-field-required\" name=\"wpforms[fields][5]\" spellcheck=\"false\" aria-errormessage=\"wpforms-2294-field_5-error\" required><\/div><div id=\"wpforms-2294-field_2-container\" class=\"wpforms-field wpforms-field-radio\" data-field-id=\"2\"><fieldset><legend class=\"wpforms-field-label\">Multiple Choice <span class=\"wpforms-required-label\" aria-hidden=\"true\">*<\/span><\/legend><ul id=\"wpforms-2294-field_2\" class=\"wpforms-field-required\"><li class=\"choice-1 depth-1\"><input type=\"radio\" id=\"wpforms-2294-field_2_1\" name=\"wpforms[fields][2]\" value=\"Maritime\" aria-errormessage=\"wpforms-2294-field_2_1-error\" required ><label class=\"wpforms-field-label-inline\" for=\"wpforms-2294-field_2_1\">Maritime<\/label><\/li><li class=\"choice-2 depth-1\"><input type=\"radio\" id=\"wpforms-2294-field_2_2\" name=\"wpforms[fields][2]\" value=\"Airline\" aria-errormessage=\"wpforms-2294-field_2_2-error\" required ><label class=\"wpforms-field-label-inline\" for=\"wpforms-2294-field_2_2\">Airline<\/label><\/li><li class=\"choice-3 depth-1\"><input type=\"radio\" id=\"wpforms-2294-field_2_3\" name=\"wpforms[fields][2]\" value=\"Customs Clearance & Insurance\" aria-errormessage=\"wpforms-2294-field_2_3-error\" required ><label class=\"wpforms-field-label-inline\" for=\"wpforms-2294-field_2_3\">Customs Clearance & Insurance<\/label><\/li><li class=\"choice-4 depth-1\"><input type=\"radio\" id=\"wpforms-2294-field_2_4\" name=\"wpforms[fields][2]\" value=\"Logistics and Supply Chain Management\" aria-errormessage=\"wpforms-2294-field_2_4-error\" required ><label class=\"wpforms-field-label-inline\" for=\"wpforms-2294-field_2_4\">Logistics and Supply Chain Management<\/label><\/li><\/ul><\/fieldset><\/div><div id=\"wpforms-2294-field_7-container\" class=\"wpforms-field wpforms-field-textarea\" data-field-id=\"7\"><label class=\"wpforms-field-label\" for=\"wpforms-2294-field_7\">Your Message<\/label><textarea id=\"wpforms-2294-field_7\" class=\"wpforms-field-medium\" name=\"wpforms[fields][7]\" aria-errormessage=\"wpforms-2294-field_7-error\" ><\/textarea><\/div><\/div><!-- .wpforms-field-container --><div class=\"wpforms-submit-container\" ><input type=\"hidden\" name=\"wpforms[id]\" value=\"2294\"><input type=\"hidden\" name=\"page_title\" value=\"\"><input type=\"hidden\" name=\"page_url\" value=\"http:\/\/multimodal.com.tr\/index.php\/wp-json\/wp\/v2\/pages\/29\"><input type=\"hidden\" name=\"url_referer\" value=\"\"><button type=\"submit\" name=\"wpforms[submit]\" id=\"wpforms-submit-2294\" class=\"wpforms-submit\" data-alt-text=\"Sending...\" data-submit-text=\"Send\" aria-live=\"assertive\" value=\"wpforms-submit\">Send<\/button><img loading=\"lazy\" decoding=\"async\" src=\"http:\/\/multimodal.com.tr\/wp-content\/plugins\/wpforms-lite\/assets\/images\/submit-spin.svg\" class=\"wpforms-submit-spinner\" style=\"display: none;\" width=\"26\" height=\"26\" alt=\"Y\u00fckleniyor\"><\/div><\/form><\/div>  <!-- .wpforms-container -->[\/vc_column][\/vc_row][vc_row][vc_column][\/vc_column][\/vc_row]<\/p>\n<\/div>","protected":false},"excerpt":{"rendered":"<p>[vc_row css=\u201d.vc_custom_1500693031025{margin-top: 70px !important;margin-bottom: 50px !important;}\u201d][vc_column][vc_empty_space height=\u201d35px\u201d][vc_empty_space height=\u201d18px\u201d][\/vc_column][\/vc_row][vc_row][vc_column][\/vc_column][\/vc_row]<\/p>\n","protected":false},"author":2,"featured_media":0,"parent":0,"menu_order":0,"comment_status":"closed","ping_status":"closed","template":"template-fullwidth.php","meta":{"footnotes":""},"_links":{"self":[{"href":"http:\/\/multimodal.com.tr\/index.php\/wp-json\/wp\/v2\/pages\/29"}],"collection":[{"href":"http:\/\/multimodal.com.tr\/index.php\/wp-json\/wp\/v2\/pages"}],"about":[{"href":"http:\/\/multimodal.com.tr\/index.php\/wp-json\/wp\/v2\/types\/page"}],"author":[{"embeddable":true,"href":"http:\/\/multimodal.com.tr\/index.php\/wp-json\/wp\/v2\/users\/2"}],"replies":[{"embeddable":true,"href":"http:\/\/multimodal.com.tr\/index.php\/wp-json\/wp\/v2\/comments?post=29"}],"version-history":[{"count":6,"href":"http:\/\/multimodal.com.tr\/index.php\/wp-json\/wp\/v2\/pages\/29\/revisions"}],"predecessor-version":[{"id":2355,"href":"http:\/\/multimodal.com.tr\/index.php\/wp-json\/wp\/v2\/pages\/29\/revisions\/2355"}],"wp:attachment":[{"href":"http:\/\/multimodal.com.tr\/index.php\/wp-json\/wp\/v2\/media?parent=29"}],"curies":[{"name":"wp","href":"https:\/\/api.w.org\/{rel}","templated":true}]}}