{"id":2413,"date":"2024-05-29T15:30:46","date_gmt":"2024-05-29T15:30:46","guid":{"rendered":"http:\/\/multimodal.com.tr\/?page_id=2413"},"modified":"2024-05-29T16:03:36","modified_gmt":"2024-05-29T16:03:36","slug":"deniz-yolu","status":"publish","type":"page","link":"http:\/\/multimodal.com.tr\/index.php\/deniz-yolu\/","title":{"rendered":"DEN\u0130Z YOLU"},"content":{"rendered":"<div class=\"wpb-content-wrapper\"><p>[vc_row css=\u201d.vc_custom_1500966320690{padding-top: 80px !important;padding-bottom: 80px !important;}\u201d][vc_column offset=\u201dvc_col-lg-6 vc_col-md-6\u2033][vc_single_image image=\u201d2377\u2033 img_size=\u201dlarge\u201d alignment=\u201dcenter\u201d css=\u201d\u201d][\/vc_column][vc_column offset=\u201dvc_col-lg-6 vc_col-md-6\u2033][vc_empty_space height=\u201d15px\u201d]<div class=\"fh-section-title clearfix  text-left version-dark\"><h2 style=\"font-size: 30px\">DEN\u0130Z YOLU<\/h2><\/div>[vc_empty_space height=\u201d35px\u201d][vc_column_text css=\u201d.vc_custom_1716996253904{margin-bottom: 20px !important;}\u201d]<\/p>\n<div class=\"wpb_text_column wpb_content_element vc_custom_1716790665863\">\n<div class=\"wpb_wrapper\">\n<div class=\"wpb_text_column wpb_content_element vc_custom_1716791166707\">\n<div class=\"wpb_wrapper\">\n<div class=\"wpb_text_column wpb_content_element vc_custom_1716790683924\">\n<div class=\"wpb_wrapper\">\n<p>Denizyolu ta\u015f\u0131mac\u0131l\u0131\u011f\u0131, en eski ta\u015f\u0131ma \u015feklidir. Uluslararas\u0131 mal hareketlerinin yap\u0131lmas\u0131nda ise en yayg\u0131n kullan\u0131lan hizmet \u015fekli olmaktad\u0131r. Multimodal, deniz ta\u015f\u0131mac\u0131l\u0131\u011f\u0131ndaki tecr\u00fcbeleriyle hacim ve y\u00fcksek tonaj\u0131n kombinasyonu olan y\u00fcklerde maksimum zaman tasarrufu ile m\u00fc\u015fterilerine ekonomik \u00e7\u00f6z\u00fcmler sunmaktad\u0131r.<\/p><\/div>\n<\/div>\n<\/div>\n<\/div>\n<\/div>\n<\/div>\n<p>[\/vc_column_text]<div class=\"fh-section-title clearfix  text-left version-dark\"><h2 style=\"font-size: 30px\">Servislerimiz<\/h2><\/div>[vc_column_text css=\u201d.vc_custom_1716996342214{margin-bottom: 20px !important;}\u201d]<\/p>\n<ul>\n<li>\u0130hracat ve ithalat, FCL ve LCL konteyner ta\u015f\u0131malar\u0131<\/li>\n<li>\u00d6n ve son ta\u015f\u0131ma organizasyonlar\u0131<\/li>\n<li>Antrepo ve depolama \u00e7\u00f6z\u00fcmleri<\/li>\n<li>D\u00fczenli seferler<\/li>\n<li>G\u00fcmr\u00fckleme & Sigorta i\u015flemleri<\/li>\n<\/ul>\n<p>[\/vc_column_text]<a href=\"http:\/\/multimodal.com.tr\/index.php\/hizmetlerimiz\/\" title=\"H\u0130ZMETLER\u0130M\u0130Z\" class=\"fh-button button button-type-normal align-left icon-type-none  fh-btn\">H\u0130ZMETLER\u0130M\u0130Z<\/a>[\/vc_column][\/vc_row][vc_row css=\u201d.vc_custom_1716736572035{background-color: #ed1c24 !important;}\u201d][vc_column width=\u201d1\/3\u2033][vc_empty_space height=\u201d60px\u201d]<div class=\"fh-counter icon-type-theme_icon icon-top \">\n\t\t\t\t<span class=\"fh-icon\"><i class=\"fa fa-anchor\"><\/i><\/span>\n\t            <div class=\"counter\">\n\t                <div class=\"value\">9800<\/div>\n\t                <h4>Deniz Y\u00fcklemesi<\/h4>\n\t            <\/div>\n\t        <\/div>[\/vc_column][vc_column width=\u201d1\/3\u2033][vc_empty_space height=\u201d60px\u201d]<div class=\"fh-counter icon-type-theme_icon icon-top \">\n\t\t\t\t<span class=\"fh-icon\"><i class=\"fa fa-fighter-jet\"><\/i><\/span>\n\t            <div class=\"counter\">\n\t                <div class=\"value\">4100<\/div>\n\t                <h4>Hava Y\u00fcklemesi<\/h4>\n\t            <\/div>\n\t        <\/div>[\/vc_column][vc_column width=\u201d1\/3\u2033][vc_empty_space height=\u201d60px\u201d]<div class=\"fh-counter icon-type-theme_icon icon-top \">\n\t\t\t\t<span class=\"fh-icon\"><i class=\"fa fa-bus\"><\/i><\/span>\n\t            <div class=\"counter\">\n\t                <div class=\"value\">12800<\/div>\n\t                <h4>Kara Y\u00fcklemesi<\/h4>\n\t            <\/div>\n\t        <\/div>[\/vc_column][\/vc_row][vc_row css=\u201d.vc_custom_1503375251567{padding-top: 75px !important;padding-bottom: 45px !important;background-color: #f7f7f7 !important;}\u201d][vc_column]<div class=\"fh-section-title clearfix  text-center version-dark\"><h2 style=\"font-size: 30px\">D\u0130\u011eER H\u0130ZMETLER\u0130M\u0130Z<\/h2><\/div>[vc_row_inner css=\u201d.vc_custom_1500966532258{margin-top: 50px !important;}\u201d][vc_column_inner offset=\u201dvc_col-lg-4 vc_col-md-6\u2033]<div class=\"fh-icon-box icon-type-theme_icon style-2 version-dark hide-button icon-center  service-process\" style=\"background-image: url()\"><span class=\"fh-icon\"><i class=\"fa fa-fighter-jet\"><\/i><\/span><h4 class=\"box-title\"><a href=\"http:\/\/multimodal.com.tr\/index.php\/hava-yolu\/\" title=\"HAVA YOLU\">HAVA YOLU<\/a><\/h4><div class=\"desc\"><div class=\"wpb_text_column wpb_content_element vc_custom_1716574017614\">\n<div class=\"wpb_wrapper\">\n<div class=\"wpb_text_column wpb_content_element vc_custom_1716790683924\">\n<div class=\"wpb_wrapper\">\n<p>Uluslararas\u0131 mal hareketlerinin yap\u0131lmas\u0131nda en h\u0131zl\u0131 hizmet \u015fekli havayoludur. Multimodal olarak, hizmet verdi\u011fimiz i\u015fletmelerin talepleri do\u011frultusunda, g\u00fc\u00e7l\u00fc havayolu ta\u015f\u0131ma \u015firketlerinin acenteleri arac\u0131l\u0131\u011f\u0131 ile istenilen terminlere en h\u0131zl\u0131 ve ekonomik teslimatlar\u0131n\u0131 ger\u00e7ekle\u015ftiriyoruz.<\/p>\n<p>\u00a0<\/p>\n<p>\u00a0<\/p>\n<\/div>\n<\/div>\n<\/div>\n<\/div>\n<\/div><\/div>[\/vc_column_inner][vc_column_inner offset=\u201dvc_col-lg-4 vc_col-md-6\u2033]<div class=\"fh-icon-box icon-type-theme_icon style-2 version-dark hide-button icon-center  service-process\" style=\"background-image: url()\"><span class=\"fh-icon\"><i class=\"fa fa-balance-scale\"><\/i><\/span><h4 class=\"box-title\"><a href=\"http:\/\/multimodal.com.tr\/index.php\/gumrukleme-sigorta\/\" title=\"G\u00dcMR\u00dcKLEME & S\u0130GORTA\">G\u00dcMR\u00dcKLEME & S\u0130GORTA<\/a><\/h4><div class=\"desc\"><div class=\"wpb_text_column wpb_content_element vc_custom_1716574065143\">\n<div class=\"wpb_wrapper\">\n<div class=\"wpb_text_column wpb_content_element vc_custom_1716790716457\">\n<div class=\"wpb_wrapper\">\n<p>Multimodal olarak, yaln\u0131zca mallar\u0131n ta\u015f\u0131nmas\u0131nda de\u011fil; nakliye s\u0131ras\u0131nda olu\u015fabilecek t\u00fcm risklerin g\u00fcvencesi i\u00e7in de i\u015fletmelere hizmet vermekteyiz. G\u00fcmr\u00fck i\u015flerinin takibini sa\u011flayarak, m\u00fc\u015fterilerimizin zamandan tasarrufunu sa\u011flamaktay\u0131z.<\/p>\n<p>\u00a0<\/p>\n<\/div>\n<\/div>\n<\/div>\n<\/div>\n<\/div><\/div>[\/vc_column_inner][vc_column_inner offset=\u201dvc_col-lg-4 vc_col-md-6\u2033]<div class=\"fh-icon-box icon-type-theme_icon style-2 version-dark hide-button icon-center  service-process\" style=\"background-image: url()\"><span class=\"fh-icon\"><i class=\"fa fa-chain\"><\/i><\/span><h4 class=\"box-title\"><a href=\"http:\/\/multimodal.com.tr\/index.php\/lojistik-ve-tedarik-zinciri-yonetimi\/\" title=\"LOJ\u0130ST\u0130K VE TEDAR\u0130K Z\u0130NC\u0130R\u0130 Y\u00d6NET\u0130M\u0130\">LOJ\u0130ST\u0130K VE TEDAR\u0130K Z\u0130NC\u0130R\u0130 Y\u00d6NET\u0130M\u0130<\/a><\/h4><div class=\"desc\"><div class=\"wpb_text_column wpb_content_element vc_custom_1716574114125\">\n<div class=\"wpb_wrapper\">\n<div class=\"wpb_text_column wpb_content_element vc_custom_1716790727336\">\n<div class=\"wpb_wrapper\">\n<p>Multimodal, hizmet verdi\u011fi i\u015fletmelerin \u00fcretim i\u00e7in ihtiya\u00e7 duydu\u011fu hammadde tedari\u011fi, ambalajl\u0131 \u00fcr\u00fcnlerin da\u011f\u0131t\u0131m\u0131, depolanmas\u0131 ve m\u00fc\u015fterilere ula\u015ft\u0131r\u0131lmas\u0131 gibi t\u00fcm zincirlerinde kolay \u00e7\u00f6z\u00fcmler \u00fcretmektedir.<\/p>\n<p>\u00a0<\/p>\n<\/div>\n<\/div>\n<\/div>\n<\/div>\n<\/div><\/div>[\/vc_column_inner][\/vc_row_inner][\/vc_column][\/vc_row]<\/p>\n<\/div>","protected":false},"excerpt":{"rendered":"<p>[vc_row css=\u201d.vc_custom_1500966320690{padding-top: 80px !important;padding-bottom: 80px !important;}\u201d][vc_column offset=\u201dvc_col-lg-6 vc_col-md-6\u2033][vc_single_image image=\u201d2377\u2033 img_size=\u201dlarge\u201d alignment=\u201dcenter\u201d css=\u201d\u201d][\/vc_column][vc_column offset=\u201dvc_col-lg-6 vc_col-md-6\u2033][vc_empty_space height=\u201d15px\u201d][vc_empty_space height=\u201d35px\u201d][vc_column_text css=\u201d.vc_custom_1716996253904{margin-bottom: 20px !important;}\u201d] Denizyolu&hellip;<\/p>\n","protected":false},"author":1,"featured_media":0,"parent":0,"menu_order":0,"comment_status":"closed","ping_status":"closed","template":"template-fullwidth.php","meta":{"footnotes":""},"_links":{"self":[{"href":"http:\/\/multimodal.com.tr\/index.php\/wp-json\/wp\/v2\/pages\/2413"}],"collection":[{"href":"http:\/\/multimodal.com.tr\/index.php\/wp-json\/wp\/v2\/pages"}],"about":[{"href":"http:\/\/multimodal.com.tr\/index.php\/wp-json\/wp\/v2\/types\/page"}],"author":[{"embeddable":true,"href":"http:\/\/multimodal.com.tr\/index.php\/wp-json\/wp\/v2\/users\/1"}],"replies":[{"embeddable":true,"href":"http:\/\/multimodal.com.tr\/index.php\/wp-json\/wp\/v2\/comments?post=2413"}],"version-history":[{"count":4,"href":"http:\/\/multimodal.com.tr\/index.php\/wp-json\/wp\/v2\/pages\/2413\/revisions"}],"predecessor-version":[{"id":2431,"href":"http:\/\/multimodal.com.tr\/index.php\/wp-json\/wp\/v2\/pages\/2413\/revisions\/2431"}],"wp:attachment":[{"href":"http:\/\/multimodal.com.tr\/index.php\/wp-json\/wp\/v2\/media?parent=2413"}],"curies":[{"name":"wp","href":"https:\/\/api.w.org\/{rel}","templated":true}]}}