{"id":2406,"date":"2024-05-29T15:00:50","date_gmt":"2024-05-29T15:00:50","guid":{"rendered":"http:\/\/multimodal.com.tr\/?page_id=2406"},"modified":"2024-05-29T15:58:10","modified_gmt":"2024-05-29T15:58:10","slug":"hizmetlerimiz","status":"publish","type":"page","link":"http:\/\/multimodal.com.tr\/index.php\/hizmetlerimiz\/","title":{"rendered":"H\u0130ZMETLER\u0130M\u0130Z"},"content":{"rendered":"<div class=\"wpb-content-wrapper\"><p>[vc_row css=\u201d.vc_custom_1500966320690{padding-top: 80px !important;padding-bottom: 80px !important;}\u201d][vc_column offset=\u201dvc_col-lg-6 vc_col-md-6\u2033][vc_single_image image=\u201d2371\u2033 img_size=\u201dlarge\u201d alignment=\u201dcenter\u201d css=\u201d\u201d][\/vc_column][vc_column offset=\u201dvc_col-lg-6 vc_col-md-6\u2033][vc_empty_space height=\u201d15px\u201d]<div class=\"fh-section-title clearfix  text-left version-dark\"><h2 style=\"font-size: 30px\">Hava Yolu<\/h2><\/div>[vc_empty_space height=\u201d35px\u201d][vc_column_text css=\u201d.vc_custom_1716994624086{margin-bottom: 20px !important;}\u201d]Uluslararas\u0131 mal hareketlerinin yap\u0131lmas\u0131nda en h\u0131zl\u0131 hizmet \u015fekli havayoludur. Multimodal olarak, hizmet verdi\u011fimiz i\u015fletmelerin talepleri do\u011frultusunda, g\u00fc\u00e7l\u00fc havayolu ta\u015f\u0131ma \u015firketlerinin acenteleri arac\u0131l\u0131\u011f\u0131 ile istenilen terminlere en h\u0131zl\u0131 ve ekonomik teslimatlar\u0131n\u0131 ger\u00e7ekle\u015ftiriyoruz.[\/vc_column_text]<a href=\"http:\/\/multimodal.com.tr\/index.php\/hava-yolu\/\" title=\"HAVA YOLU\" class=\"fh-button button button-type-normal align-left icon-type-none  fh-btn\">Detayl\u0131 Bilgi<\/a>[\/vc_column][\/vc_row][vc_row css=\u201d.vc_custom_1500966320690{padding-top: 80px !important;padding-bottom: 80px !important;}\u201d][vc_column width=\u201d1\/3\u2033 offset=\u201dvc_col-lg-6 vc_col-md-6\u2033][vc_empty_space height=\u201d15px\u201d]<div class=\"fh-section-title clearfix  text-left version-dark\"><h2 style=\"font-size: 30px\">Deniz Yolu<\/h2><\/div>[vc_empty_space height=\u201d35px\u201d][vc_column_text css=\u201d.vc_custom_1716994734501{margin-bottom: 20px !important;}\u201d]Denizyolu ta\u015f\u0131mac\u0131l\u0131\u011f\u0131, en eski ta\u015f\u0131ma \u015feklidir. Uluslararas\u0131 mal hareketlerinin yap\u0131lmas\u0131nda ise en yayg\u0131n kullan\u0131lan hizmet \u015fekli olmaktad\u0131r. Multimodal, deniz ta\u015f\u0131mac\u0131l\u0131\u011f\u0131ndaki tecr\u00fcbeleriyle hacim ve y\u00fcksek tonaj\u0131n kombinasyonu olan y\u00fcklerde maksimum zaman tasarrufu ile m\u00fc\u015fterilerine ekonomik \u00e7\u00f6z\u00fcmler sunmaktad\u0131r.[\/vc_column_text]<a href=\"http:\/\/multimodal.com.tr\/index.php\/deniz-yolu\/\" title=\"DEN\u0130Z YOLU\" class=\"fh-button button button-type-normal align-left icon-type-none  fh-btn\">Detayl\u0131 Bilgi<\/a>[\/vc_column][vc_column width=\u201d1\/3\u2033 offset=\u201dvc_col-lg-6 vc_col-md-6\u2033][vc_single_image image=\u201d2370\u2033 img_size=\u201dlarge\u201d alignment=\u201dcenter\u201d css=\u201d\u201d][\/vc_column][vc_column width=\u201d1\/3\u2033][\/vc_column][\/vc_row][vc_row css=\u201d.vc_custom_1500966320690{padding-top: 80px !important;padding-bottom: 80px !important;}\u201d][vc_column offset=\u201dvc_col-lg-6 vc_col-md-6\u2033][vc_single_image image=\u201d2372\u2033 img_size=\u201dlarge\u201d alignment=\u201dcenter\u201d css=\u201d\u201d][\/vc_column][vc_column offset=\u201dvc_col-lg-6 vc_col-md-6\u2033][vc_empty_space height=\u201d15px\u201d]<div class=\"fh-section-title clearfix  text-left version-dark\"><h2 style=\"font-size: 30px\">G\u00fcmr\u00fckleme & Sigorta<\/h2><\/div>[vc_empty_space height=\u201d35px\u201d][vc_column_text css=\u201d.vc_custom_1716994787744{margin-bottom: 20px !important;}\u201d]Multimodal olarak, yaln\u0131zca mallar\u0131n ta\u015f\u0131nmas\u0131nda de\u011fil; nakliye s\u0131ras\u0131nda olu\u015fabilecek t\u00fcm risklerin g\u00fcvencesi i\u00e7in de i\u015fletmelere hizmet vermekteyiz. G\u00fcmr\u00fck i\u015flerinin takibini sa\u011flayarak, m\u00fc\u015fterilerimizin zamandan tasarrufunu sa\u011flamaktay\u0131z.[\/vc_column_text]<a href=\"http:\/\/multimodal.com.tr\/index.php\/gumrukleme-sigorta\/\" title=\"G\u00dcMR\u00dcKLEME & S\u0130GORTA\" class=\"fh-button button button-type-normal align-left icon-type-none  fh-btn\">Detayl\u0131 Bilgi<\/a>[\/vc_column][\/vc_row][vc_row css=\u201d.vc_custom_1500966320690{padding-top: 80px !important;padding-bottom: 80px !important;}\u201d][vc_column width=\u201d1\/3\u2033 offset=\u201dvc_col-lg-6 vc_col-md-6\u2033][vc_empty_space height=\u201d15px\u201d]<div class=\"fh-section-title clearfix  text-left version-dark\"><h2 style=\"font-size: 30px\">Lojistik ve Tedarik Zinciri Y\u00f6netimi<\/h2><\/div>[vc_empty_space height=\u201d35px\u201d][vc_column_text css=\u201d.vc_custom_1716994821693{margin-bottom: 20px !important;}\u201d]Multimodal, hizmet verdi\u011fi i\u015fletmelerin \u00fcretim i\u00e7in ihtiya\u00e7 duydu\u011fu hammadde tedari\u011fi, ambalajl\u0131 \u00fcr\u00fcnlerin da\u011f\u0131t\u0131m\u0131, depolanmas\u0131 ve m\u00fc\u015fterilere ula\u015ft\u0131r\u0131lmas\u0131 gibi t\u00fcm zincirlerinde kolay \u00e7\u00f6z\u00fcmler \u00fcretmektedir.[\/vc_column_text]<a href=\"http:\/\/multimodal.com.tr\/index.php\/lojistik-ve-tedarik-zinciri-yonetimi\/\" title=\"LOJ\u0130ST\u0130K VE TEDAR\u0130K Z\u0130NC\u0130R\u0130 Y\u00d6NET\u0130M\u0130\" class=\"fh-button button button-type-normal align-left icon-type-none  fh-btn\">Detayl\u0131 Bilgi<\/a>[\/vc_column][vc_column width=\u201d1\/3\u2033 offset=\u201dvc_col-lg-6 vc_col-md-6\u2033][vc_single_image image=\u201d2373\u2033 img_size=\u201dlarge\u201d alignment=\u201dcenter\u201d css=\u201d\u201d][\/vc_column][vc_column width=\u201d1\/3\u2033][\/vc_column][\/vc_row]<\/p>\n<\/div>","protected":false},"excerpt":{"rendered":"<p>[vc_row css=\u201d.vc_custom_1500966320690{padding-top: 80px !important;padding-bottom: 80px !important;}\u201d][vc_column offset=\u201dvc_col-lg-6 vc_col-md-6\u2033][vc_single_image image=\u201d2371\u2033 img_size=\u201dlarge\u201d alignment=\u201dcenter\u201d css=\u201d\u201d][\/vc_column][vc_column offset=\u201dvc_col-lg-6 vc_col-md-6\u2033][vc_empty_space height=\u201d15px\u201d][vc_empty_space height=\u201d35px\u201d][vc_column_text css=\u201d.vc_custom_1716994624086{margin-bottom: 20px !important;}\u201d]Uluslararas\u0131 mal&hellip;<\/p>\n","protected":false},"author":1,"featured_media":0,"parent":0,"menu_order":0,"comment_status":"closed","ping_status":"closed","template":"template-fullwidth.php","meta":{"footnotes":""},"_links":{"self":[{"href":"http:\/\/multimodal.com.tr\/index.php\/wp-json\/wp\/v2\/pages\/2406"}],"collection":[{"href":"http:\/\/multimodal.com.tr\/index.php\/wp-json\/wp\/v2\/pages"}],"about":[{"href":"http:\/\/multimodal.com.tr\/index.php\/wp-json\/wp\/v2\/types\/page"}],"author":[{"embeddable":true,"href":"http:\/\/multimodal.com.tr\/index.php\/wp-json\/wp\/v2\/users\/1"}],"replies":[{"embeddable":true,"href":"http:\/\/multimodal.com.tr\/index.php\/wp-json\/wp\/v2\/comments?post=2406"}],"version-history":[{"count":3,"href":"http:\/\/multimodal.com.tr\/index.php\/wp-json\/wp\/v2\/pages\/2406\/revisions"}],"predecessor-version":[{"id":2427,"href":"http:\/\/multimodal.com.tr\/index.php\/wp-json\/wp\/v2\/pages\/2406\/revisions\/2427"}],"wp:attachment":[{"href":"http:\/\/multimodal.com.tr\/index.php\/wp-json\/wp\/v2\/media?parent=2406"}],"curies":[{"name":"wp","href":"https:\/\/api.w.org\/{rel}","templated":true}]}}