{"id":2286,"date":"2024-05-24T15:04:39","date_gmt":"2024-05-24T15:04:39","guid":{"rendered":"http:\/\/multimodal.com.tr\/?page_id=2286"},"modified":"2024-05-30T16:58:47","modified_gmt":"2024-05-30T16:58:47","slug":"contact","status":"publish","type":"page","link":"http:\/\/multimodal.com.tr\/index.php\/en\/contact\/","title":{"rendered":"CONTACT"},"content":{"rendered":"<div class=\"wpb-content-wrapper\"><p>[vc_row][vc_column][vc_row_inner][vc_column_inner][vc_empty_space height=\u201d35px\u201d]<div class=\"fh-section-title clearfix  text-left version-dark\"><h2 style=\"font-size: 26px\">Contact Information<\/h2><\/div>[\/vc_column_inner][\/vc_row_inner][vc_empty_space height=\u201d35px\u201d][vc_row_inner][vc_column_inner width=\u201d1\/3\u2033][vc_empty_space height=\u201d65px\u201d]<div class=\"fh-contact-box type-address \"><i class=\"flaticon-pin\"><\/i><h4 class=\"box-title\">Address<\/h4><div class=\"desc\"><p>Mecidiyek\u00f6y Mah. Selahattin P\u0131nar Aral\u0131\u011f\u0131 Sk.<br \/>\nH\u00fcseyin \u00d6zer \u0130\u015f Merkezi No: 3 Kat:4, D: 8<br \/>\n\u015ei\u015fli-\u0130stanbul-TURKEY<\/p>\n<\/div><\/div>[\/vc_column_inner][vc_column_inner width=\u201d1\/3\u2033][vc_empty_space height=\u201d65px\u201d]<div class=\"fh-contact-box type-email \"><i class=\"flaticon-business\"><\/i><h4 class=\"box-title\">Email<\/h4><div class=\"desc\"><p>info@multimodal.com.tr<\/p>\n<\/div><\/div>[\/vc_column_inner][vc_column_inner width=\u201d1\/3\u2033][vc_empty_space height=\u201d65px\u201d]<div class=\"fh-contact-box type-phone \"><i class=\"flaticon-phone-call \"><\/i><h4 class=\"box-title\">Phone<\/h4><div class=\"desc\"><p>+90 (532) 350 4084<\/p>\n<\/div><\/div>[\/vc_column_inner][\/vc_row_inner][\/vc_column][\/vc_row][vc_row css=\u201d.vc_custom_1500720290348{padding-top: 70px !important;padding-bottom: 35px !important;}\u201d][vc_column offset=\u201dvc_col-lg-8 vc_col-md-8\u2033][vc_column_text css=\u201d\u201d][\/vc_column_text][\/vc_column][\/vc_row][vc_row full_height=\u201dyes\u201d columns_placement=\u201dstretch\u201d equal_height=\u201dyes\u201d css=\u201d.vc_custom_1716392097328{padding-top: 70px !important;padding-bottom: 80px !important;background-color: #f7f7f7 !important;}\u201d][vc_column]<div class=\"fh-section-title clearfix  text-center version-dark\"><h2 style=\"font-size: 26px\">You got a message for us?<\/h2><\/div>[vc_empty_space height=\u201d30px\u201d][vc_empty_space height=\u201d50px\u201d][vc_row_inner][vc_column_inner width=\u201d1\/2\u2033]<style id=\"wpforms-css-vars-2360\">\n\t\t\t\t#wpforms-2360 {\n\t\t\t\t\n\t\t\t}\n\t\t\t<\/style><div class=\"wpforms-container wpforms-container-full wpforms-render-modern\" id=\"wpforms-2360\"><form id=\"wpforms-form-2360\" class=\"wpforms-validate wpforms-form wpforms-ajax-form\" data-formid=\"2360\" method=\"post\" enctype=\"multipart\/form-data\" action=\"\/index.php\/wp-json\/wp\/v2\/pages\/2286\" data-token=\"6af5d72d54110c9c9a4e7ca0c4529a28\" data-token-time=\"1777884579\"><noscript class=\"wpforms-error-noscript\">Bu formu bitirebilmek i\u00e7in taray\u0131c\u0131n\u0131zda JavaScript&#039;i etkinle\u015ftirin.<\/noscript><div id=\"wpforms-error-noscript\" style=\"display: none;\">Bu formu bitirebilmek i\u00e7in taray\u0131c\u0131n\u0131zda JavaScript&#039;i etkinle\u015ftirin.<\/div><div class=\"wpforms-field-container\"><div id=\"wpforms-2360-field_3-container\" class=\"wpforms-field wpforms-field-name\" data-field-id=\"3\"><label class=\"wpforms-field-label\" for=\"wpforms-2360-field_3\">First and Last Name <span class=\"wpforms-required-label\" aria-hidden=\"true\">*<\/span><\/label><input type=\"text\" id=\"wpforms-2360-field_3\" class=\"wpforms-field-medium wpforms-field-required\" name=\"wpforms[fields][3]\" aria-errormessage=\"wpforms-2360-field_3-error\" required><\/div><div id=\"wpforms-2360-field_2-container\" class=\"wpforms-field wpforms-field-email\" data-field-id=\"2\"><label class=\"wpforms-field-label\" for=\"wpforms-2360-field_2\">Email <span class=\"wpforms-required-label\" aria-hidden=\"true\">*<\/span><\/label><input type=\"email\" id=\"wpforms-2360-field_2\" class=\"wpforms-field-medium wpforms-field-required\" name=\"wpforms[fields][2]\" spellcheck=\"false\" aria-errormessage=\"wpforms-2360-field_2-error\" required><\/div><div id=\"wpforms-2360-field_1-container\" class=\"wpforms-field wpforms-field-text\" data-field-id=\"1\"><label class=\"wpforms-field-label\" for=\"wpforms-2360-field_1\">Subject<\/label><input type=\"text\" id=\"wpforms-2360-field_1\" class=\"wpforms-field-medium\" name=\"wpforms[fields][1]\" aria-errormessage=\"wpforms-2360-field_1-error\" ><\/div><div id=\"wpforms-2360-field_4-container\" class=\"wpforms-field wpforms-field-textarea\" data-field-id=\"4\"><label class=\"wpforms-field-label\" for=\"wpforms-2360-field_4\">Your Message <span class=\"wpforms-required-label\" aria-hidden=\"true\">*<\/span><\/label><textarea id=\"wpforms-2360-field_4\" class=\"wpforms-field-medium wpforms-field-required\" name=\"wpforms[fields][4]\" aria-errormessage=\"wpforms-2360-field_4-error\" required><\/textarea><\/div><\/div><!-- .wpforms-field-container --><div class=\"wpforms-submit-container\" ><input type=\"hidden\" name=\"wpforms[id]\" value=\"2360\"><input type=\"hidden\" name=\"page_title\" value=\"\"><input type=\"hidden\" name=\"page_url\" value=\"http:\/\/multimodal.com.tr\/index.php\/wp-json\/wp\/v2\/pages\/2286\"><input type=\"hidden\" name=\"url_referer\" value=\"\"><button type=\"submit\" name=\"wpforms[submit]\" id=\"wpforms-submit-2360\" class=\"wpforms-submit\" data-alt-text=\"Sending...\" data-submit-text=\"Send\" aria-live=\"assertive\" value=\"wpforms-submit\">Send<\/button><img loading=\"lazy\" decoding=\"async\" src=\"http:\/\/multimodal.com.tr\/wp-content\/plugins\/wpforms-lite\/assets\/images\/submit-spin.svg\" class=\"wpforms-submit-spinner\" style=\"display: none;\" width=\"26\" height=\"26\" alt=\"Y\u00fckleniyor\"><\/div><\/form><\/div>  <!-- .wpforms-container -->[\/vc_column_inner][vc_column_inner width=\u201d1\/2\u2033][vc_single_image image=\u201d2244\u2033 img_size=\u201dlarge\u201d onclick=\u201dcustom_link\u201d img_link_target=\u201d_blank\u201d css=\u201d\u201d link=\u201dhttps:\/\/maps.app.goo.gl\/WZ8vPcZBZJMQoyw3A\u201d][\/vc_column_inner][\/vc_row_inner][\/vc_column][\/vc_row]<\/p>\n<\/div>","protected":false},"excerpt":{"rendered":"<p>[vc_row][vc_column][vc_row_inner][vc_column_inner][vc_empty_space height=\u201d35px\u201d][\/vc_column_inner][\/vc_row_inner][vc_empty_space height=\u201d35px\u201d][vc_row_inner][vc_column_inner width=\u201d1\/3\u2033][vc_empty_space height=\u201d65px\u201d][\/vc_column_inner][vc_column_inner width=\u201d1\/3\u2033][vc_empty_space height=\u201d65px\u201d][\/vc_column_inner][vc_column_inner width=\u201d1\/3\u2033][vc_empty_space height=\u201d65px\u201d][\/vc_column_inner][\/vc_row_inner][\/vc_column][\/vc_row][vc_row css=\u201d.vc_custom_1500720290348{padding-top: 70px !important;padding-bottom: 35px !important;}\u201d][vc_column offset=\u201dvc_col-lg-8 vc_col-md-8\u2033][vc_column_text css=\u201d\u201d][\/vc_column_text][\/vc_column][\/vc_row][vc_row full_height=\u201dyes\u201d columns_placement=\u201dstretch\u201d equal_height=\u201dyes\u201d&hellip;<\/p>\n","protected":false},"author":1,"featured_media":0,"parent":0,"menu_order":0,"comment_status":"closed","ping_status":"closed","template":"template-fullwidth.php","meta":{"footnotes":""},"_links":{"self":[{"href":"http:\/\/multimodal.com.tr\/index.php\/wp-json\/wp\/v2\/pages\/2286"}],"collection":[{"href":"http:\/\/multimodal.com.tr\/index.php\/wp-json\/wp\/v2\/pages"}],"about":[{"href":"http:\/\/multimodal.com.tr\/index.php\/wp-json\/wp\/v2\/types\/page"}],"author":[{"embeddable":true,"href":"http:\/\/multimodal.com.tr\/index.php\/wp-json\/wp\/v2\/users\/1"}],"replies":[{"embeddable":true,"href":"http:\/\/multimodal.com.tr\/index.php\/wp-json\/wp\/v2\/comments?post=2286"}],"version-history":[{"count":4,"href":"http:\/\/multimodal.com.tr\/index.php\/wp-json\/wp\/v2\/pages\/2286\/revisions"}],"predecessor-version":[{"id":2444,"href":"http:\/\/multimodal.com.tr\/index.php\/wp-json\/wp\/v2\/pages\/2286\/revisions\/2444"}],"wp:attachment":[{"href":"http:\/\/multimodal.com.tr\/index.php\/wp-json\/wp\/v2\/media?parent=2286"}],"curies":[{"name":"wp","href":"https:\/\/api.w.org\/{rel}","templated":true}]}}