{"id":2276,"date":"2024-05-24T14:15:03","date_gmt":"2024-05-24T14:15:03","guid":{"rendered":"http:\/\/multimodal.com.tr\/?page_id=2276"},"modified":"2024-05-30T16:42:43","modified_gmt":"2024-05-30T16:42:43","slug":"home","status":"publish","type":"page","link":"http:\/\/multimodal.com.tr\/index.php\/en\/home\/","title":{"rendered":"HOME"},"content":{"rendered":"<div class=\"wpb-content-wrapper\"><p>[vc_row full_width=\u201dstretch_row_content_no_spaces\u201d][vc_column][rev_slider_vc alias=\u201dslider-4-11\u2033][\/vc_column][\/vc_row][vc_row full_width=\u201dstretch_row\u201d full_height=\u201dyes\u201d equal_height=\u201dyes\u201d content_placement=\u201dmiddle\u201d][vc_column css=\u201d.vc_custom_1503312212056{padding-right: 60px !important;padding-bottom: 60px !important;padding-left: 60px !important;}\u201d el_class=\u201dsub-background-color\u201d offset=\u201dvc_col-lg-4 vc_col-md-6\u2033][vc_empty_space height=\u201d60px\u201d]<div class=\"fh-counter icon-type-theme_icon icon-left \">\n\t\t\t\t<span class=\"fh-icon\"><i class=\"fa fa-anchor\"><\/i><\/span>\n\t            <div class=\"counter\">\n\t                <div class=\"value\">9800<\/div>\n\t                <h4>Maritime<\/h4>\n\t            <\/div>\n\t        <\/div>[\/vc_column][vc_column css=\u201d.vc_custom_1716395469849{padding-right: 60px !important;padding-bottom: 60px !important;padding-left: 60px !important;background-color: #ed1c24 !important;}\u201d offset=\u201dvc_col-lg-4 vc_col-md-6\u2033][vc_empty_space height=\u201d60px\u201d]<div class=\"fh-counter icon-type-theme_icon icon-left \">\n\t\t\t\t<span class=\"fh-icon\"><i class=\"fa fa-fighter-jet\"><\/i><\/span>\n\t            <div class=\"counter\">\n\t                <div class=\"value\">4100<\/div>\n\t                <h4>Airline<\/h4>\n\t            <\/div>\n\t        <\/div>[\/vc_column][vc_column css=\u201d.vc_custom_1503312226736{padding-right: 60px !important;padding-bottom: 60px !important;padding-left: 60px !important;}\u201d el_class=\u201dsub-background-color\u201d offset=\u201dvc_col-lg-4 vc_col-md-12\u2033][vc_empty_space height=\u201d60px\u201d]<div class=\"fh-counter icon-type-theme_icon icon-left \">\n\t\t\t\t<span class=\"fh-icon\"><i class=\"fa fa-bus\"><\/i><\/span>\n\t            <div class=\"counter\">\n\t                <div class=\"value\">12800<\/div>\n\t                <h4>Transport<\/h4>\n\t            <\/div>\n\t        <\/div>[\/vc_column][\/vc_row][vc_row css=\u201d.vc_custom_1503311805401{padding-bottom: 50px !important;background-color: #f7f7f7 !important;}\u201d el_class=\u201dicon-box-hp4\u2033][vc_column css=\u201d.vc_custom_1503311717312{margin-top: -80px !important;}\u201d offset=\u201dvc_col-lg-3 vc_col-md-6\u2033]<div class=\"fh-service-box-2 icon-type-theme_icon box-style-2 \">\n\t\t\t\t<div class=\"box-thumb\"><span class=\"fh-icon\"><i class=\"flaticon-transport-3\"><\/i><\/span><\/div>\n\t\t\t\t<div class=\"box-wrapper\">\n\t\t\t\t\t<div class=\"box-header clearfix\"><span class=\"fh-icon\"><i class=\"flaticon-transport-3\"><\/i><\/span><h4 class=\"box-title\">Airline<\/h4><\/div>\n\t\t\t\t\t<div class=\"box-content\"><p>Airline transportation is the fastest form of transportation for international movement of goods. As Multimodal, in line with the requests of the businesses we provide service for, we make fast and economic deliveries to the desired terminals through the agencies of strong airline transport companies.<\/p>\n<\/div>\n\t\t\t\t\t<a href=\"http:\/\/multimodal.com.tr\/index.php\/en\/airline-2\/\" target=\"\" rel=\"\" title=\"More..\" class=\"read-more\">More..<\/a>\n\t\t\t\t<\/div>\n\t\t\t<\/div>[\/vc_column][vc_column css=\u201d.vc_custom_1503311729376{margin-top: -80px !important;}\u201d offset=\u201dvc_col-lg-3 vc_col-md-6\u2033]<div class=\"fh-service-box-2 icon-type-theme_icon box-style-2 \">\n\t\t\t\t<div class=\"box-thumb\"><span class=\"fh-icon\"><i class=\"flaticon-transport-4\"><\/i><\/span><\/div>\n\t\t\t\t<div class=\"box-wrapper\">\n\t\t\t\t\t<div class=\"box-header clearfix\"><span class=\"fh-icon\"><i class=\"flaticon-transport-4\"><\/i><\/span><h4 class=\"box-title\">Maritime<\/h4><\/div>\n\t\t\t\t\t<div class=\"box-content\"><p>With its experience in maritime transport, Multimodal offers its customers economical solutions with maximum time savings in cargoes that are a combination of volume and high tonnage.<\/p>\n<p>Exports and imports, FCL and LCL container transportation<\/p>\n<ul>\n<li><i class=\"icon-check\">\u00a0Charter<\/i><\/li>\n<\/ul>\n<\/div>\n\t\t\t\t\t<a href=\"http:\/\/multimodal.com.tr\/index.php\/en\/maritime\/\" target=\"\" rel=\"\" title=\"More..\" class=\"read-more\">More..<\/a>\n\t\t\t\t<\/div>\n\t\t\t<\/div>[\/vc_column][vc_column css=\u201d.vc_custom_1503311755832{margin-top: -80px !important;}\u201d offset=\u201dvc_col-lg-3 vc_col-md-6\u2033]<div class=\"fh-service-box-2 icon-type-theme_icon box-style-2 \">\n\t\t\t\t<div class=\"box-thumb\"><span class=\"fh-icon\"><i class=\"flaticon-transport-5\"><\/i><\/span><\/div>\n\t\t\t\t<div class=\"box-wrapper\">\n\t\t\t\t\t<div class=\"box-header clearfix\"><span class=\"fh-icon\"><i class=\"flaticon-transport-5\"><\/i><\/span><h4 class=\"box-title\">Customs Clearance and Insurance<\/h4><\/div>\n\t\t\t\t\t<div class=\"box-content\"><p>As Multimodal, we provide service to the firms not only against the risks during the transportation of the goods but also during shipping. We follow through the customs procedures saving our customers precious time.<\/p>\n<ul>\n<li><i class=\"icon-check\">\u00a0Customs clearance<\/i><\/li>\n<\/ul>\n<\/div>\n\t\t\t\t\t<a href=\"http:\/\/multimodal.com.tr\/index.php\/en\/customs-clearance-insurance\/\" target=\"\" rel=\"\" title=\"More..\" class=\"read-more\">More..<\/a>\n\t\t\t\t<\/div>\n\t\t\t<\/div>[\/vc_column][vc_column css=\u201d.vc_custom_1503311785240{margin-top: -80px !important;}\u201d offset=\u201dvc_col-lg-3 vc_col-md-6\u2033]<div class=\"fh-service-box-2 icon-type-theme_icon box-style-2 \">\n\t\t\t\t<div class=\"box-thumb\"><span class=\"fh-icon\"><i class=\"flaticon-open-cardboard-box\"><\/i><\/span><\/div>\n\t\t\t\t<div class=\"box-wrapper\">\n\t\t\t\t\t<div class=\"box-header clearfix\"><span class=\"fh-icon\"><i class=\"flaticon-open-cardboard-box\"><\/i><\/span><h4 class=\"box-title\">Logistics and Supply Chain Management<\/h4><\/div>\n\t\t\t\t\t<div class=\"box-content\"><p>Multimodal provides simple solutions in all stages of the supply chain for the business it serves such as the provision of raw materials needed and distribution, storage and delivery to the customer of the packaged goods.<\/p>\n<\/div>\n\t\t\t\t\t<a href=\"http:\/\/multimodal.com.tr\/index.php\/en\/logistics-and-supply-chain-management\/\" target=\"\" rel=\"\" title=\"More..\" class=\"read-more\">More..<\/a>\n\t\t\t\t<\/div>\n\t\t\t<\/div>[\/vc_column][\/vc_row][vc_row css=\u201d.vc_custom_1502338518158{padding-top: 75px !important;padding-bottom: 160px !important;background-image: url(http:\/\/demo2.steelthemes.com\/cargohub\/wp-content\/uploads\/sites\/7\/2017\/08\/service-bg-4.jpg?id=1917) !important;}\u201d][vc_column]<div class=\"fh-button-wrapper text-center\"><a href=\"http:\/\/multimodal.com.tr\/index.php\/en\/services\/\" title=\"SERVICES\" class=\"fh-button button button-type-normal align-center icon-type-none  fh-btn\">OUR SERVICES<\/a><\/div>[\/vc_column][\/vc_row][vc_row][vc_column width=\u201d1\/2\u2033]<div class=\"fh-section-title clearfix  text-left version-dark\"><h2 style=\"font-size: 36px\">100% Turkish Capital<\/h2><\/div>[vc_column_text css=\u201d\u201d]Multimodal Lojistik Hizmetleri A.\u015e. was incorporated with 100% Turkish capital in Istanbul in 2016.<\/p>\n<p>Multimodal, the product of long standing experience and accumulation in the international transportation sector, quickly established itself to provide service all over the world by virtue of its valued customers and agencies. It continues to serve with its well-trained and experienced staff and technological infrastructure by improving its service quality and enhancing its expertise in maritime container transportation, airline transportation and project transportation over time.<\/p>\n<p>Multimodal has adopted the policy of \u201cEverything in the name of Logistics\u201d; and will continue to offer service, quality and trust at each stage with you, our valued partners.[\/vc_column_text][vc_tta_accordion][vc_tta_section title=\u201dCorrect Orientation\u201d tab_id=\u201d1716400726316-41b8dfbc-9e82\u2033][vc_column_text css=\u201d\u201d]With our understanding of professional service, we serve our customers with the most accurate guidance.[\/vc_column_text][\/vc_tta_section][vc_tta_section title=\u201dContinuous Consulting Support\u201d tab_id=\u201d1716400726335-ca7ace23-5e78\u2033][vc_column_text css=\u201d\u201d]With our boutique approach; We follow the downloads 24 hours a day, 7 days a week.[\/vc_column_text][\/vc_tta_section][vc_tta_section title=\u201dAffordable Price Guarantee\u201d tab_id=\u201d1716400731130-f6550d95-860e\u201d][vc_column_text css=\u201d\u201d]<\/p>\n<div class=\"column mcb-column mcb-item-ci5mw26z9 one tablet-one mobile-one column_faq\">\n<div class=\"mcb-column-inner mcb-item-faq-inner\">\n<div class=\"faq\">\n<div class=\"mfn-acc faq_wrapper open1st\">\n<div class=\"question active\">\n<div class=\"answer\">We carry the loads with the fastest, most effective and most convenient options.<\/div>\n<\/div>\n<\/div>\n<\/div>\n<\/div>\n<\/div>\n<div class=\"column mcb-column mcb-item-x0lv1cb4u one tablet-one mobile-one column_column column-margin-0px\">\n<div class=\"mcb-column-inner mcb-item-column-inner\"><\/div>\n<\/div>\n<p>[\/vc_column_text][\/vc_tta_section][\/vc_tta_accordion][vc_empty_space height=\u201d48px\u201d]<a href=\"http:\/\/multimodal.com.tr\/index.php\/en\/about-us\/\" title=\"ABOUT US\" class=\"fh-button button button-type-normal align-left icon-type-none  fh-btn\">ABOUT US<\/a>[\/vc_column][vc_column width=\u201d1\/2\u2033][vc_single_image image=\u201d2192\u2033 img_size=\u201dlarge\u201d css=\u201d\u201d][\/vc_column][\/vc_row][vc_row css=\u201d.vc_custom_1502338518158{padding-top: 75px !important;padding-bottom: 160px !important;background-image: url(http:\/\/demo2.steelthemes.com\/cargohub\/wp-content\/uploads\/sites\/7\/2017\/08\/service-bg-4.jpg?id=1917) !important;}\u201d][vc_column][vc_empty_space height=\u201d72px\u201d][vc_row_inner][vc_column_inner width=\u201d1\/2\u2033]<div class=\"fh-section-title clearfix  text-left version-dark\"><h2 style=\"font-size: 30px\">Contact Us<\/h2><\/div>[vc_empty_space height=\u201d40px\u201d]<div class=\"fh-icon-box icon-type-theme_icon style-2 version-dark hide-button icon-left  \" style=\"background-image: url()\"><span class=\"fh-icon\"><i class=\"flaticon-telephone\"><\/i><\/span><h4 class=\"box-title\"><span >Contact<\/span><\/h4><div class=\"desc\"><p>Tel: +90 (532) 350 4084<\/p>\n<\/div><\/div><div class=\"fh-icon-box icon-type-theme_icon style-2 version-dark hide-button icon-left  \" style=\"background-image: url()\"><span class=\"fh-icon\"><i class=\"fa fa-map-pin\"><\/i><\/span><h4 class=\"box-title\"><a href=\"https:\/\/maps.app.goo.gl\/WZ8vPcZBZJMQoyw3A\" title=\"DIRECTIONS\">Where are We?<\/a><\/h4><div class=\"desc\"><p>Mecidiyek\u00f6y Mah. Selahattin P\u0131nar Aral\u0131\u011f\u0131 Sk.<br \/>\nH\u00fcseyin \u00d6zer \u0130\u015f Merkezi No: 3 Kat:4, D: 8<br \/>\n\u015ei\u015fli-\u0130stanbul-TURKEY<\/p>\n<\/div><\/div><div class=\"fh-icon-box icon-type-theme_icon style-2 version-dark hide-button icon-left  \" style=\"background-image: url()\"><span class=\"fh-icon\"><i class=\"fa fa-graduation-cap\"><\/i><\/span><h4 class=\"box-title\"><a href=\"mailto:info@multimodal.com.tr\" title=\"Right Now!\" target=\"_blank\">Multimodal Career<\/a><\/h4><div class=\"desc\"><p>Do you want to work with us?<\/p>\n<\/div><\/div><div class=\"fh-icon-box icon-type-theme_icon style-2 version-dark hide-button icon-left  \" style=\"background-image: url()\"><span class=\"fh-icon\"><i class=\"fa fa-envelope\"><\/i><\/span><h4 class=\"box-title\"><a href=\"http:\/\/multimodal.com.tr\/index.php\/en\/request-a-quote\/\" title=\"REQUEST A QUOTE\">Get Offer<\/a><\/h4><div class=\"desc\"><p>We carry the loads with the fastest, most effective and most convenient options.<\/p>\n<\/div><\/div>[\/vc_column_inner][vc_column_inner width=\u201d1\/2\u2033]<style id=\"wpforms-css-vars-2360\">\n\t\t\t\t#wpforms-2360 {\n\t\t\t\t\n\t\t\t}\n\t\t\t<\/style><div class=\"wpforms-container wpforms-container-full wpforms-render-modern\" id=\"wpforms-2360\"><form id=\"wpforms-form-2360\" class=\"wpforms-validate wpforms-form wpforms-ajax-form\" data-formid=\"2360\" method=\"post\" enctype=\"multipart\/form-data\" action=\"\/index.php\/wp-json\/wp\/v2\/pages\/2276\" data-token=\"465adc59751125baa7c3ab25b3818a64\" data-token-time=\"1777718715\"><noscript class=\"wpforms-error-noscript\">Bu formu bitirebilmek i\u00e7in taray\u0131c\u0131n\u0131zda JavaScript&#039;i etkinle\u015ftirin.<\/noscript><div id=\"wpforms-error-noscript\" style=\"display: none;\">Bu formu bitirebilmek i\u00e7in taray\u0131c\u0131n\u0131zda JavaScript&#039;i etkinle\u015ftirin.<\/div><div class=\"wpforms-field-container\"><div id=\"wpforms-2360-field_3-container\" class=\"wpforms-field wpforms-field-name\" data-field-id=\"3\"><label class=\"wpforms-field-label\" for=\"wpforms-2360-field_3\">First and Last Name <span class=\"wpforms-required-label\" aria-hidden=\"true\">*<\/span><\/label><input type=\"text\" id=\"wpforms-2360-field_3\" class=\"wpforms-field-medium wpforms-field-required\" name=\"wpforms[fields][3]\" aria-errormessage=\"wpforms-2360-field_3-error\" required><\/div><div id=\"wpforms-2360-field_2-container\" class=\"wpforms-field wpforms-field-email\" data-field-id=\"2\"><label class=\"wpforms-field-label\" for=\"wpforms-2360-field_2\">Email <span class=\"wpforms-required-label\" aria-hidden=\"true\">*<\/span><\/label><input type=\"email\" id=\"wpforms-2360-field_2\" class=\"wpforms-field-medium wpforms-field-required\" name=\"wpforms[fields][2]\" spellcheck=\"false\" aria-errormessage=\"wpforms-2360-field_2-error\" required><\/div><div id=\"wpforms-2360-field_1-container\" class=\"wpforms-field wpforms-field-text\" data-field-id=\"1\"><label class=\"wpforms-field-label\" for=\"wpforms-2360-field_1\">Subject<\/label><input type=\"text\" id=\"wpforms-2360-field_1\" class=\"wpforms-field-medium\" name=\"wpforms[fields][1]\" aria-errormessage=\"wpforms-2360-field_1-error\" ><\/div><div id=\"wpforms-2360-field_4-container\" class=\"wpforms-field wpforms-field-textarea\" data-field-id=\"4\"><label class=\"wpforms-field-label\" for=\"wpforms-2360-field_4\">Your Message <span class=\"wpforms-required-label\" aria-hidden=\"true\">*<\/span><\/label><textarea id=\"wpforms-2360-field_4\" class=\"wpforms-field-medium wpforms-field-required\" name=\"wpforms[fields][4]\" aria-errormessage=\"wpforms-2360-field_4-error\" required><\/textarea><\/div><\/div><!-- .wpforms-field-container --><div class=\"wpforms-submit-container\" ><input type=\"hidden\" name=\"wpforms[id]\" value=\"2360\"><input type=\"hidden\" name=\"page_title\" value=\"\"><input type=\"hidden\" name=\"page_url\" value=\"http:\/\/multimodal.com.tr\/index.php\/wp-json\/wp\/v2\/pages\/2276\"><input type=\"hidden\" name=\"url_referer\" value=\"\"><button type=\"submit\" name=\"wpforms[submit]\" id=\"wpforms-submit-2360\" class=\"wpforms-submit\" data-alt-text=\"Sending...\" data-submit-text=\"Send\" aria-live=\"assertive\" value=\"wpforms-submit\">Send<\/button><img loading=\"lazy\" decoding=\"async\" src=\"http:\/\/multimodal.com.tr\/wp-content\/plugins\/wpforms-lite\/assets\/images\/submit-spin.svg\" class=\"wpforms-submit-spinner\" style=\"display: none;\" width=\"26\" height=\"26\" alt=\"Y\u00fckleniyor\"><\/div><\/form><\/div>  <!-- .wpforms-container -->[\/vc_column_inner][\/vc_row_inner][\/vc_column][\/vc_row][vc_row][vc_column][vc_empty_space height=\u201d72px\u201d][\/vc_column][\/vc_row]<\/p>\n<\/div>","protected":false},"excerpt":{"rendered":"<p>[vc_row full_width=\u201dstretch_row_content_no_spaces\u201d][vc_column][rev_slider_vc alias=\u201dslider-4-11\u2033][\/vc_column][\/vc_row][vc_row full_width=\u201dstretch_row\u201d full_height=\u201dyes\u201d equal_height=\u201dyes\u201d content_placement=\u201dmiddle\u201d][vc_column css=\u201d.vc_custom_1503312212056{padding-right: 60px !important;padding-bottom: 60px !important;padding-left: 60px !important;}\u201d el_class=\u201dsub-background-color\u201d offset=\u201dvc_col-lg-4 vc_col-md-6\u2033][vc_empty_space height=\u201d60px\u201d][\/vc_column][vc_column css=\u201d.vc_custom_1716395469849{padding-right: 60px&hellip;<\/p>\n","protected":false},"author":1,"featured_media":0,"parent":0,"menu_order":0,"comment_status":"closed","ping_status":"closed","template":"template-homepage.php","meta":{"footnotes":""},"_links":{"self":[{"href":"http:\/\/multimodal.com.tr\/index.php\/wp-json\/wp\/v2\/pages\/2276"}],"collection":[{"href":"http:\/\/multimodal.com.tr\/index.php\/wp-json\/wp\/v2\/pages"}],"about":[{"href":"http:\/\/multimodal.com.tr\/index.php\/wp-json\/wp\/v2\/types\/page"}],"author":[{"embeddable":true,"href":"http:\/\/multimodal.com.tr\/index.php\/wp-json\/wp\/v2\/users\/1"}],"replies":[{"embeddable":true,"href":"http:\/\/multimodal.com.tr\/index.php\/wp-json\/wp\/v2\/comments?post=2276"}],"version-history":[{"count":13,"href":"http:\/\/multimodal.com.tr\/index.php\/wp-json\/wp\/v2\/pages\/2276\/revisions"}],"predecessor-version":[{"id":2442,"href":"http:\/\/multimodal.com.tr\/index.php\/wp-json\/wp\/v2\/pages\/2276\/revisions\/2442"}],"wp:attachment":[{"href":"http:\/\/multimodal.com.tr\/index.php\/wp-json\/wp\/v2\/media?parent=2276"}],"curies":[{"name":"wp","href":"https:\/\/api.w.org\/{rel}","templated":true}]}}