{"id":2259,"date":"2024-05-23T13:32:22","date_gmt":"2024-05-23T13:32:22","guid":{"rendered":"http:\/\/multimodal.com.tr\/?page_id=2259"},"modified":"2024-05-23T13:32:59","modified_gmt":"2024-05-23T13:32:59","slug":"teklif-al","status":"publish","type":"page","link":"http:\/\/multimodal.com.tr\/index.php\/teklif-al\/","title":{"rendered":"TEKL\u0130F AL"},"content":{"rendered":"<div class=\"wpb-content-wrapper\"><p>[vc_row css=\u201d.vc_custom_1500693031025{margin-top: 70px !important;margin-bottom: 50px !important;}\u201d][vc_column]<div class=\"fh-section-title clearfix  text-left version-dark\"><h2 style=\"font-size: 36px\">TEKL\u0130F AL<\/h2><\/div>[vc_empty_space height=\u201d35px\u201d][vc_empty_space height=\u201d18px\u201d]<style id=\"wpforms-css-vars-2207\">\n\t\t\t\t#wpforms-2207 {\n\t\t\t\t\n\t\t\t}\n\t\t\t<\/style><div class=\"wpforms-container wpforms-container-full wpforms-render-modern\" id=\"wpforms-2207\"><form id=\"wpforms-form-2207\" class=\"wpforms-validate wpforms-form wpforms-ajax-form\" data-formid=\"2207\" method=\"post\" enctype=\"multipart\/form-data\" action=\"\/index.php\/wp-json\/wp\/v2\/pages\/2259\" data-token=\"88197aa4ac4dfb5ee08f14bcf3e5361f\" data-token-time=\"1777888377\"><noscript class=\"wpforms-error-noscript\">Bu formu bitirebilmek i\u00e7in taray\u0131c\u0131n\u0131zda JavaScript&#039;i etkinle\u015ftirin.<\/noscript><div id=\"wpforms-error-noscript\" style=\"display: none;\">Bu formu bitirebilmek i\u00e7in taray\u0131c\u0131n\u0131zda JavaScript&#039;i etkinle\u015ftirin.<\/div><div class=\"wpforms-field-container\"><div id=\"wpforms-2207-field_4-container\" class=\"wpforms-field wpforms-field-name\" data-field-id=\"4\"><fieldset><legend class=\"wpforms-field-label\">Ad\u0131 Soyad\u0131 <span class=\"wpforms-required-label\" aria-hidden=\"true\">*<\/span><\/legend><div class=\"wpforms-field-row wpforms-field-medium\"><div class=\"wpforms-field-row-block wpforms-first wpforms-one-half\"><input type=\"text\" id=\"wpforms-2207-field_4\" class=\"wpforms-field-name-first wpforms-field-required\" name=\"wpforms[fields][4][first]\" aria-errormessage=\"wpforms-2207-field_4-error\" required><label for=\"wpforms-2207-field_4\" class=\"wpforms-field-sublabel after\">Ad<\/label><\/div><div class=\"wpforms-field-row-block wpforms-one-half\"><input type=\"text\" id=\"wpforms-2207-field_4-last\" class=\"wpforms-field-name-last wpforms-field-required\" name=\"wpforms[fields][4][last]\" aria-errormessage=\"wpforms-2207-field_4-last-error\" required><label for=\"wpforms-2207-field_4-last\" class=\"wpforms-field-sublabel after\">Soyad<\/label><\/div><\/div><\/fieldset><\/div><div id=\"wpforms-2207-field_1-container\" class=\"wpforms-field wpforms-field-text\" data-field-id=\"1\"><label class=\"wpforms-field-label\" for=\"wpforms-2207-field_1\">\u015eirket Ad\u0131<\/label><input type=\"text\" id=\"wpforms-2207-field_1\" class=\"wpforms-field-medium\" name=\"wpforms[fields][1]\" aria-errormessage=\"wpforms-2207-field_1-error\" ><\/div><div id=\"wpforms-2207-field_9-container\" class=\"wpforms-field wpforms-field-text\" data-field-id=\"9\"><label class=\"wpforms-field-label\" for=\"wpforms-2207-field_9\">\u015eirket Telefonunuz<\/label><input type=\"text\" id=\"wpforms-2207-field_9\" class=\"wpforms-field-medium\" name=\"wpforms[fields][9]\" aria-errormessage=\"wpforms-2207-field_9-error\" ><\/div><div id=\"wpforms-2207-field_5-container\" class=\"wpforms-field wpforms-field-email\" data-field-id=\"5\"><label class=\"wpforms-field-label\" for=\"wpforms-2207-field_5\">E-posta <span class=\"wpforms-required-label\" aria-hidden=\"true\">*<\/span><\/label><input type=\"email\" id=\"wpforms-2207-field_5\" class=\"wpforms-field-medium wpforms-field-required\" name=\"wpforms[fields][5]\" spellcheck=\"false\" aria-errormessage=\"wpforms-2207-field_5-error\" required><\/div><div id=\"wpforms-2207-field_2-container\" class=\"wpforms-field wpforms-field-radio\" data-field-id=\"2\"><fieldset><legend class=\"wpforms-field-label\">\u00c7oktan Se\u00e7me <span class=\"wpforms-required-label\" aria-hidden=\"true\">*<\/span><\/legend><ul id=\"wpforms-2207-field_2\" class=\"wpforms-field-required\"><li class=\"choice-1 depth-1\"><input type=\"radio\" id=\"wpforms-2207-field_2_1\" name=\"wpforms[fields][2]\" value=\"Deniz Yolu\" aria-errormessage=\"wpforms-2207-field_2_1-error\" required ><label class=\"wpforms-field-label-inline\" for=\"wpforms-2207-field_2_1\">Deniz Yolu<\/label><\/li><li class=\"choice-2 depth-1\"><input type=\"radio\" id=\"wpforms-2207-field_2_2\" name=\"wpforms[fields][2]\" value=\"Hava Yolu\" aria-errormessage=\"wpforms-2207-field_2_2-error\" required ><label class=\"wpforms-field-label-inline\" for=\"wpforms-2207-field_2_2\">Hava Yolu<\/label><\/li><li class=\"choice-3 depth-1\"><input type=\"radio\" id=\"wpforms-2207-field_2_3\" name=\"wpforms[fields][2]\" value=\"G\u00fcmr\u00fckleme ve Sigorta\" aria-errormessage=\"wpforms-2207-field_2_3-error\" required ><label class=\"wpforms-field-label-inline\" for=\"wpforms-2207-field_2_3\">G\u00fcmr\u00fckleme ve Sigorta<\/label><\/li><li class=\"choice-4 depth-1\"><input type=\"radio\" id=\"wpforms-2207-field_2_4\" name=\"wpforms[fields][2]\" value=\"Lojistik ve Tedarik Zinciri Y\u00f6netimi\" aria-errormessage=\"wpforms-2207-field_2_4-error\" required ><label class=\"wpforms-field-label-inline\" for=\"wpforms-2207-field_2_4\">Lojistik ve Tedarik Zinciri Y\u00f6netimi<\/label><\/li><\/ul><\/fieldset><\/div><div id=\"wpforms-2207-field_7-container\" class=\"wpforms-field wpforms-field-textarea\" data-field-id=\"7\"><label class=\"wpforms-field-label\" for=\"wpforms-2207-field_7\">Paragraf Metni<\/label><textarea id=\"wpforms-2207-field_7\" class=\"wpforms-field-medium\" name=\"wpforms[fields][7]\" aria-errormessage=\"wpforms-2207-field_7-error\" ><\/textarea><\/div><\/div><!-- .wpforms-field-container --><div class=\"wpforms-submit-container\" ><input type=\"hidden\" name=\"wpforms[id]\" value=\"2207\"><input type=\"hidden\" name=\"page_title\" value=\"\"><input type=\"hidden\" name=\"page_url\" value=\"http:\/\/multimodal.com.tr\/index.php\/wp-json\/wp\/v2\/pages\/2259\"><input type=\"hidden\" name=\"url_referer\" value=\"\"><button type=\"submit\" name=\"wpforms[submit]\" id=\"wpforms-submit-2207\" class=\"wpforms-submit\" data-alt-text=\"G\u00f6nderiliyor...\" data-submit-text=\"G\u00f6nder\" aria-live=\"assertive\" value=\"wpforms-submit\">G\u00f6nder<\/button><img loading=\"lazy\" decoding=\"async\" src=\"http:\/\/multimodal.com.tr\/wp-content\/plugins\/wpforms-lite\/assets\/images\/submit-spin.svg\" class=\"wpforms-submit-spinner\" style=\"display: none;\" width=\"26\" height=\"26\" alt=\"Y\u00fckleniyor\"><\/div><\/form><\/div>  <!-- .wpforms-container -->[\/vc_column][\/vc_row]<\/p>\n<\/div>","protected":false},"excerpt":{"rendered":"<p>[vc_row css=\u201d.vc_custom_1500693031025{margin-top: 70px !important;margin-bottom: 50px !important;}\u201d][vc_column][vc_empty_space height=\u201d35px\u201d][vc_empty_space height=\u201d18px\u201d][\/vc_column][\/vc_row]<\/p>\n","protected":false},"author":1,"featured_media":0,"parent":0,"menu_order":0,"comment_status":"closed","ping_status":"closed","template":"template-fullwidth.php","meta":{"footnotes":""},"_links":{"self":[{"href":"http:\/\/multimodal.com.tr\/index.php\/wp-json\/wp\/v2\/pages\/2259"}],"collection":[{"href":"http:\/\/multimodal.com.tr\/index.php\/wp-json\/wp\/v2\/pages"}],"about":[{"href":"http:\/\/multimodal.com.tr\/index.php\/wp-json\/wp\/v2\/types\/page"}],"author":[{"embeddable":true,"href":"http:\/\/multimodal.com.tr\/index.php\/wp-json\/wp\/v2\/users\/1"}],"replies":[{"embeddable":true,"href":"http:\/\/multimodal.com.tr\/index.php\/wp-json\/wp\/v2\/comments?post=2259"}],"version-history":[{"count":3,"href":"http:\/\/multimodal.com.tr\/index.php\/wp-json\/wp\/v2\/pages\/2259\/revisions"}],"predecessor-version":[{"id":2275,"href":"http:\/\/multimodal.com.tr\/index.php\/wp-json\/wp\/v2\/pages\/2259\/revisions\/2275"}],"wp:attachment":[{"href":"http:\/\/multimodal.com.tr\/index.php\/wp-json\/wp\/v2\/media?parent=2259"}],"curies":[{"name":"wp","href":"https:\/\/api.w.org\/{rel}","templated":true}]}}