{"id":2240,"date":"2024-05-23T10:30:04","date_gmt":"2024-05-23T10:30:04","guid":{"rendered":"http:\/\/multimodal.com.tr\/?page_id=2240"},"modified":"2024-05-24T14:50:52","modified_gmt":"2024-05-24T14:50:52","slug":"iletisim","status":"publish","type":"page","link":"http:\/\/multimodal.com.tr\/index.php\/iletisim\/","title":{"rendered":"\u0130LET\u0130\u015e\u0130M"},"content":{"rendered":"<div class=\"wpb-content-wrapper\"><p>[vc_row][vc_column][vc_row_inner][vc_column_inner][vc_empty_space height=\u201d35px\u201d]<div class=\"fh-section-title clearfix  text-left version-dark\"><h2 style=\"font-size: 26px\">\u0130leti\u015fim Bilgileri<\/h2><\/div>[\/vc_column_inner][\/vc_row_inner][vc_empty_space height=\u201d35px\u201d][vc_row_inner][vc_column_inner width=\u201d1\/3\u2033][vc_empty_space height=\u201d65px\u201d]<div class=\"fh-contact-box type-address \"><i class=\"flaticon-pin\"><\/i><h4 class=\"box-title\">Adres<\/h4><div class=\"desc\"><p>Mecidiyek\u00f6y Mah. Selahattin P\u0131nar Aral\u0131\u011f\u0131 Sk.<br \/>\nH\u00fcseyin \u00d6zer \u0130\u015f Merkezi No: 3 Kat:4, D: 8<br \/>\n\u015ei\u015fli-\u0130stanbul<\/p>\n<\/div><\/div>[\/vc_column_inner][vc_column_inner width=\u201d1\/3\u2033][vc_empty_space height=\u201d65px\u201d]<div class=\"fh-contact-box type-email \"><i class=\"flaticon-business\"><\/i><h4 class=\"box-title\">Email<\/h4><div class=\"desc\"><p>info@multimodal.com.tr<\/p>\n<\/div><\/div>[\/vc_column_inner][vc_column_inner width=\u201d1\/3\u2033][vc_empty_space height=\u201d65px\u201d]<div class=\"fh-contact-box type-phone \"><i class=\"flaticon-phone-call \"><\/i><h4 class=\"box-title\">Telefon<\/h4><div class=\"desc\"><p>+90 (532) 350 4084<\/p>\n<\/div><\/div>[\/vc_column_inner][\/vc_row_inner][\/vc_column][\/vc_row][vc_row css=\u201d.vc_custom_1500720290348{padding-top: 70px !important;padding-bottom: 35px !important;}\u201d][vc_column offset=\u201dvc_col-lg-8 vc_col-md-8\u2033][vc_column_text css=\u201d\u201d][\/vc_column_text][\/vc_column][\/vc_row][vc_row full_height=\u201dyes\u201d columns_placement=\u201dstretch\u201d equal_height=\u201dyes\u201d css=\u201d.vc_custom_1716392097328{padding-top: 70px !important;padding-bottom: 80px !important;background-color: #f7f7f7 !important;}\u201d][vc_column]<div class=\"fh-section-title clearfix  text-center version-dark\"><h2 style=\"font-size: 26px\">Bir mesaj\u0131n\u0131z m\u0131 var?<\/h2><\/div>[vc_empty_space height=\u201d30px\u201d][vc_empty_space height=\u201d50px\u201d][vc_row_inner][vc_column_inner width=\u201d1\/2\u2033]<style id=\"wpforms-css-vars-2212\">\n\t\t\t\t#wpforms-2212 {\n\t\t\t\t\n\t\t\t}\n\t\t\t<\/style><div class=\"wpforms-container wpforms-container-full wpforms-render-modern\" id=\"wpforms-2212\"><form id=\"wpforms-form-2212\" class=\"wpforms-validate wpforms-form wpforms-ajax-form\" data-formid=\"2212\" method=\"post\" enctype=\"multipart\/form-data\" action=\"\/index.php\/wp-json\/wp\/v2\/pages\/2240\" data-token=\"ceac48b7169af71d5cd77edcd10ca722\" data-token-time=\"1777892396\"><noscript class=\"wpforms-error-noscript\">Bu formu bitirebilmek i\u00e7in taray\u0131c\u0131n\u0131zda JavaScript&#039;i etkinle\u015ftirin.<\/noscript><div id=\"wpforms-error-noscript\" style=\"display: none;\">Bu formu bitirebilmek i\u00e7in taray\u0131c\u0131n\u0131zda JavaScript&#039;i etkinle\u015ftirin.<\/div><div class=\"wpforms-field-container\"><div id=\"wpforms-2212-field_3-container\" class=\"wpforms-field wpforms-field-name\" data-field-id=\"3\"><fieldset><legend class=\"wpforms-field-label\">Ad\u0131 Soyad\u0131 <span class=\"wpforms-required-label\" aria-hidden=\"true\">*<\/span><\/legend><div class=\"wpforms-field-row wpforms-field-medium\"><div class=\"wpforms-field-row-block wpforms-first wpforms-one-half\"><input type=\"text\" id=\"wpforms-2212-field_3\" class=\"wpforms-field-name-first wpforms-field-required\" name=\"wpforms[fields][3][first]\" aria-errormessage=\"wpforms-2212-field_3-error\" required><label for=\"wpforms-2212-field_3\" class=\"wpforms-field-sublabel after\">Ad<\/label><\/div><div class=\"wpforms-field-row-block wpforms-one-half\"><input type=\"text\" id=\"wpforms-2212-field_3-last\" class=\"wpforms-field-name-last wpforms-field-required\" name=\"wpforms[fields][3][last]\" aria-errormessage=\"wpforms-2212-field_3-last-error\" required><label for=\"wpforms-2212-field_3-last\" class=\"wpforms-field-sublabel after\">Soyad<\/label><\/div><\/div><\/fieldset><\/div><div id=\"wpforms-2212-field_2-container\" class=\"wpforms-field wpforms-field-email\" data-field-id=\"2\"><label class=\"wpforms-field-label\" for=\"wpforms-2212-field_2\">E-posta <span class=\"wpforms-required-label\" aria-hidden=\"true\">*<\/span><\/label><input type=\"email\" id=\"wpforms-2212-field_2\" class=\"wpforms-field-medium wpforms-field-required\" name=\"wpforms[fields][2]\" spellcheck=\"false\" aria-errormessage=\"wpforms-2212-field_2-error\" required><\/div><div id=\"wpforms-2212-field_1-container\" class=\"wpforms-field wpforms-field-text\" data-field-id=\"1\"><label class=\"wpforms-field-label\" for=\"wpforms-2212-field_1\">Konu<\/label><input type=\"text\" id=\"wpforms-2212-field_1\" class=\"wpforms-field-medium\" name=\"wpforms[fields][1]\" aria-errormessage=\"wpforms-2212-field_1-error\" ><\/div><div id=\"wpforms-2212-field_4-container\" class=\"wpforms-field wpforms-field-textarea\" data-field-id=\"4\"><label class=\"wpforms-field-label\" for=\"wpforms-2212-field_4\">A\u00e7\u0131klama <span class=\"wpforms-required-label\" aria-hidden=\"true\">*<\/span><\/label><textarea id=\"wpforms-2212-field_4\" class=\"wpforms-field-medium wpforms-field-required\" name=\"wpforms[fields][4]\" aria-errormessage=\"wpforms-2212-field_4-error\" required><\/textarea><\/div><\/div><!-- .wpforms-field-container --><div class=\"wpforms-submit-container\" ><input type=\"hidden\" name=\"wpforms[id]\" value=\"2212\"><input type=\"hidden\" name=\"page_title\" value=\"\"><input type=\"hidden\" name=\"page_url\" value=\"http:\/\/multimodal.com.tr\/index.php\/wp-json\/wp\/v2\/pages\/2240\"><input type=\"hidden\" name=\"url_referer\" value=\"\"><button type=\"submit\" name=\"wpforms[submit]\" id=\"wpforms-submit-2212\" class=\"wpforms-submit\" data-alt-text=\"G\u00f6nderiliyor...\" data-submit-text=\"G\u00f6nder\" aria-live=\"assertive\" value=\"wpforms-submit\">G\u00f6nder<\/button><img loading=\"lazy\" decoding=\"async\" src=\"http:\/\/multimodal.com.tr\/wp-content\/plugins\/wpforms-lite\/assets\/images\/submit-spin.svg\" class=\"wpforms-submit-spinner\" style=\"display: none;\" width=\"26\" height=\"26\" alt=\"Y\u00fckleniyor\"><\/div><\/form><\/div>  <!-- .wpforms-container -->[\/vc_column_inner][vc_column_inner width=\u201d1\/2\u2033][vc_single_image image=\u201d2244\u2033 img_size=\u201dlarge\u201d onclick=\u201dcustom_link\u201d css=\u201d\u201d link=\u201dhttps:\/\/maps.app.goo.gl\/WZ8vPcZBZJMQoyw3A\u201d][\/vc_column_inner][\/vc_row_inner][\/vc_column][\/vc_row]<\/p>\n<\/div>","protected":false},"excerpt":{"rendered":"<p>[vc_row][vc_column][vc_row_inner][vc_column_inner][vc_empty_space height=\u201d35px\u201d][\/vc_column_inner][\/vc_row_inner][vc_empty_space height=\u201d35px\u201d][vc_row_inner][vc_column_inner width=\u201d1\/3\u2033][vc_empty_space height=\u201d65px\u201d][\/vc_column_inner][vc_column_inner width=\u201d1\/3\u2033][vc_empty_space height=\u201d65px\u201d][\/vc_column_inner][vc_column_inner width=\u201d1\/3\u2033][vc_empty_space height=\u201d65px\u201d][\/vc_column_inner][\/vc_row_inner][\/vc_column][\/vc_row][vc_row css=\u201d.vc_custom_1500720290348{padding-top: 70px !important;padding-bottom: 35px !important;}\u201d][vc_column offset=\u201dvc_col-lg-8 vc_col-md-8\u2033][vc_column_text css=\u201d\u201d][\/vc_column_text][\/vc_column][\/vc_row][vc_row full_height=\u201dyes\u201d columns_placement=\u201dstretch\u201d equal_height=\u201dyes\u201d&hellip;<\/p>\n","protected":false},"author":1,"featured_media":0,"parent":0,"menu_order":0,"comment_status":"closed","ping_status":"closed","template":"template-fullwidth.php","meta":{"footnotes":""},"_links":{"self":[{"href":"http:\/\/multimodal.com.tr\/index.php\/wp-json\/wp\/v2\/pages\/2240"}],"collection":[{"href":"http:\/\/multimodal.com.tr\/index.php\/wp-json\/wp\/v2\/pages"}],"about":[{"href":"http:\/\/multimodal.com.tr\/index.php\/wp-json\/wp\/v2\/types\/page"}],"author":[{"embeddable":true,"href":"http:\/\/multimodal.com.tr\/index.php\/wp-json\/wp\/v2\/users\/1"}],"replies":[{"embeddable":true,"href":"http:\/\/multimodal.com.tr\/index.php\/wp-json\/wp\/v2\/comments?post=2240"}],"version-history":[{"count":6,"href":"http:\/\/multimodal.com.tr\/index.php\/wp-json\/wp\/v2\/pages\/2240\/revisions"}],"predecessor-version":[{"id":2242,"href":"http:\/\/multimodal.com.tr\/index.php\/wp-json\/wp\/v2\/pages\/2240\/revisions\/2242"}],"wp:attachment":[{"href":"http:\/\/multimodal.com.tr\/index.php\/wp-json\/wp\/v2\/media?parent=2240"}],"curies":[{"name":"wp","href":"https:\/\/api.w.org\/{rel}","templated":true}]}}