{"id":2238,"date":"2024-05-23T10:28:44","date_gmt":"2024-05-23T10:28:44","guid":{"rendered":"http:\/\/multimodal.com.tr\/?page_id=2238"},"modified":"2024-05-23T14:02:27","modified_gmt":"2024-05-23T14:02:27","slug":"hakkimizda","status":"publish","type":"page","link":"http:\/\/multimodal.com.tr\/index.php\/hakkimizda\/","title":{"rendered":"HAKKIMIZDA"},"content":{"rendered":"<div class=\"wpb-content-wrapper\"><p>[vc_row css=\u201d.vc_custom_1503376024695{padding-top: 66px !important;padding-bottom: 60px !important;}\u201d][vc_column offset=\u201dvc_col-lg-4 vc_col-md-4\u2033 css=\u201d.vc_custom_1503376029710{padding-bottom: 20px !important;}\u201d][vc_empty_space height=\u201d14px\u201d][vc_single_image image=\u201d1930\u2033 img_size=\u201dfull\u201d][\/vc_column][vc_column offset=\u201dvc_col-lg-8 vc_col-md-8\u2033 css=\u201d.vc_custom_1503376034901{padding-bottom: 20px !important;}\u201d]<div class=\"fh-section-title clearfix  text-left version-dark\"><h2 style=\"font-size: 36px\">%100 T\u00fcrk Sermayeli<\/h2><\/div>[vc_empty_space height=\u201d45px\u201d][vc_column_text css=\u201d\u201d]<\/p>\n<div class=\"column mcb-column mcb-item-om6ac7ier one column_column column-margin-20px\">\n<div class=\"column_attr clearfix\">\n<p>Multimodal Lojistik Hizmetleri A.\u015e. 100 % T\u00fcrk sermayeli bir \u015firket olarak 2021 y\u0131l\u0131nda \u0130stanbul\u2019da kuruldu.<\/p>\n<p>Uluslararas\u0131 ta\u015f\u0131mac\u0131l\u0131k sekt\u00f6r\u00fcnde uzun y\u0131llara dayanan tecr\u00fcbe ve bilgi birikimi birle\u015ftirilerek kurulan Multimodal, de\u011ferli m\u00fc\u015fterilerinin ve acentelerinin verdi\u011fi destek ile k\u0131sa s\u00fcrede t\u00fcm d\u00fcnyada hizmet verebilecek duruma geldi. Zaman i\u00e7erisinde deniz yolu konteyner ta\u015f\u0131mac\u0131l\u0131\u011f\u0131, havayolu ta\u015f\u0131mac\u0131l\u0131\u011f\u0131 ve proje ta\u015f\u0131mac\u0131l\u0131\u011f\u0131nda uzmanl\u0131\u011f\u0131n\u0131 peki\u015ftirerek konusunda e\u011fitimli ve tecr\u00fcbeli \u00e7al\u0131\u015fanlar\u0131, teknolojik alt yap\u0131s\u0131 ile hizmet kalitesini artt\u0131rarak hizmet vermeye devam etmektedir.<\/p>\n<\/div>\n<\/div>\n<p>[\/vc_column_text][vc_empty_space height=\u201d20px\u201d][vc_column_text css=\u201d\u201d]<\/p>\n<div class=\"column mcb-column mcb-item-om6ac7ier one column_column column-margin-20px\">\n<div class=\"column_attr clearfix\"><\/div>\n<\/div>\n<div class=\"column mcb-column mcb-item-ngo7go2bu one column_column column-margin-20px\">\n<div class=\"column_attr clearfix\">\n<p>Multimodal \u201cLojistik Ad\u0131na Her \u015fey\u201d politikas\u0131n\u0131 benimsemi\u015f olup; siz de\u011ferli i\u015f ortaklar\u0131m\u0131zla beraber, talep edilen her noktada hizmet, kalite ve g\u00fcven sunmaya devam edecektir.<\/p>\n<\/div>\n<\/div>\n<p>[\/vc_column_text][vc_empty_space height=\u201d35px\u201d][vc_single_image image=\u201d1931\u2033 img_size=\u201dfull\u201d][\/vc_column][\/vc_row][vc_row css=\u201d.vc_custom_1716464934045{background-color: #ed1c24 !important;}\u201d][vc_column width=\u201d1\/3\u2033 css=\u201d.vc_custom_1716465180373{background-color: #ed1c24 !important;}\u201d][vc_empty_space height=\u201d60px\u201d]<div class=\"fh-counter icon-type-theme_icon icon-top background-ed1c24\">\n\t\t\t\t<span class=\"fh-icon\"><i class=\"fa fa-anchor\"><\/i><\/span>\n\t            <div class=\"counter\">\n\t                <div class=\"value\">9800<\/div>\n\t                <h4>DEN\u0130Z Y\u00dcKLEMES\u0130<\/h4>\n\t            <\/div>\n\t        <\/div>[\/vc_column][vc_column width=\u201d1\/3\u2033][vc_empty_space height=\u201d60px\u201d]<div class=\"fh-counter icon-type-theme_icon icon-top \">\n\t\t\t\t<span class=\"fh-icon\"><i class=\"fa fa-fighter-jet\"><\/i><\/span>\n\t            <div class=\"counter\">\n\t                <div class=\"value\">4100<\/div>\n\t                <h4>HAVA Y\u00dcKLEMES\u0130<\/h4>\n\t            <\/div>\n\t        <\/div>[\/vc_column][vc_column width=\u201d1\/3\u2033][vc_empty_space height=\u201d60px\u201d]<div class=\"fh-counter icon-type-theme_icon icon-top \">\n\t\t\t\t<span class=\"fh-icon\"><i class=\"fa fa-bus\"><\/i><\/span>\n\t            <div class=\"counter\">\n\t                <div class=\"value\">12800<\/div>\n\t                <h4>KARA Y\u00dcKLEMES\u0130<\/h4>\n\t            <\/div>\n\t        <\/div>[\/vc_column][\/vc_row][vc_row css=\u201d.vc_custom_1500606740069{padding-bottom: 50px !important;}\u201d][vc_column][vc_empty_space height=\u201d100px\u201d]<div class=\"fh-section-title clearfix  text-center version-dark\"><h2 style=\"font-size: 36px\">Neden Biz<\/h2><\/div>[\/vc_column][\/vc_row][vc_row css=\u201d.vc_custom_1500606467986{padding-bottom: 25px !important;}\u201d][vc_column offset=\u201dvc_col-lg-4 vc_col-md-6\u2033]<div class=\"fh-icon-box icon-type-theme_icon style-2 version-dark hide-button icon-center  \" style=\"background-image: url()\"><span class=\"fh-icon\"><i class=\"flaticon-international-delivery\"><\/i><\/span><h4 class=\"box-title\"><span >Do\u011fru Y\u00f6nlendirme<\/span><\/h4><\/div>[\/vc_column][vc_column offset=\u201dvc_col-lg-4 vc_col-md-6\u2033]<div class=\"fh-icon-box icon-type-theme_icon style-2 version-dark hide-button icon-center  \" style=\"background-image: url()\"><span class=\"fh-icon\"><i class=\"flaticon-people\"><\/i><\/span><h4 class=\"box-title\"><span >S\u00fcrekli Dan\u0131\u015fman Deste\u011fi<\/span><\/h4><\/div>[\/vc_column][vc_column offset=\u201dvc_col-lg-4 vc_col-md-6\u2033]<div class=\"fh-icon-box icon-type-theme_icon style-2 version-dark hide-button icon-center  \" style=\"background-image: url()\"><span class=\"fh-icon\"><i class=\"flaticon-route\"><\/i><\/span><h4 class=\"box-title\"><span >Uygun Fiyat Garantisi<\/span><\/h4><\/div>[\/vc_column][\/vc_row][vc_row][vc_column][vc_empty_space height=\u201d100px\u201d][\/vc_column][\/vc_row]<\/p>\n<\/div>","protected":false},"excerpt":{"rendered":"<p>[vc_row css=\u201d.vc_custom_1503376024695{padding-top: 66px !important;padding-bottom: 60px !important;}\u201d][vc_column offset=\u201dvc_col-lg-4 vc_col-md-4\u2033 css=\u201d.vc_custom_1503376029710{padding-bottom: 20px !important;}\u201d][vc_empty_space height=\u201d14px\u201d][vc_single_image image=\u201d1930\u2033 img_size=\u201dfull\u201d][\/vc_column][vc_column offset=\u201dvc_col-lg-8 vc_col-md-8\u2033 css=\u201d.vc_custom_1503376034901{padding-bottom: 20px !important;}\u201d][vc_empty_space height=\u201d45px\u201d][vc_column_text&hellip;<\/p>\n","protected":false},"author":1,"featured_media":0,"parent":0,"menu_order":0,"comment_status":"closed","ping_status":"closed","template":"template-fullwidth.php","meta":{"footnotes":""},"_links":{"self":[{"href":"http:\/\/multimodal.com.tr\/index.php\/wp-json\/wp\/v2\/pages\/2238"}],"collection":[{"href":"http:\/\/multimodal.com.tr\/index.php\/wp-json\/wp\/v2\/pages"}],"about":[{"href":"http:\/\/multimodal.com.tr\/index.php\/wp-json\/wp\/v2\/types\/page"}],"author":[{"embeddable":true,"href":"http:\/\/multimodal.com.tr\/index.php\/wp-json\/wp\/v2\/users\/1"}],"replies":[{"embeddable":true,"href":"http:\/\/multimodal.com.tr\/index.php\/wp-json\/wp\/v2\/comments?post=2238"}],"version-history":[{"count":8,"href":"http:\/\/multimodal.com.tr\/index.php\/wp-json\/wp\/v2\/pages\/2238\/revisions"}],"predecessor-version":[{"id":2272,"href":"http:\/\/multimodal.com.tr\/index.php\/wp-json\/wp\/v2\/pages\/2238\/revisions\/2272"}],"wp:attachment":[{"href":"http:\/\/multimodal.com.tr\/index.php\/wp-json\/wp\/v2\/media?parent=2238"}],"curies":[{"name":"wp","href":"https:\/\/api.w.org\/{rel}","templated":true}]}}